{"id":76,"date":"2019-10-22T11:19:29","date_gmt":"2019-10-22T14:19:29","guid":{"rendered":"http:\/\/transportevertical.org\/sitio\/?page_id=76"},"modified":"2022-07-19T13:25:46","modified_gmt":"2022-07-19T17:25:46","slug":"comite-editorial","status":"publish","type":"page","link":"http:\/\/transportevertical.org\/sitio\/comite-editorial\/","title":{"rendered":"Comit\u00e9 Editorial"},"content":{"rendered":"<p><img loading=\"lazy\" decoding=\"async\" class=\"aligncenter size-medium wp-image-74\" src=\"http:\/\/transportevertical.org\/sitio\/wp-content\/uploads\/2019\/10\/DonMiguel-001v21-260x300.png\" alt=\"\" width=\"260\" height=\"300\" srcset=\"http:\/\/transportevertical.org\/sitio\/wp-content\/uploads\/2019\/10\/DonMiguel-001v21-260x300.png 260w, http:\/\/transportevertical.org\/sitio\/wp-content\/uploads\/2019\/10\/DonMiguel-001v21.png 500w\" sizes=\"auto, (max-width: 260px) 100vw, 260px\" \/><\/p>\n<p style=\"text-align: center;\"><strong>Miguel Covarrubias S.<\/strong><br \/>\nDirector<\/p>\n<h3 style=\"text-align: center;\">Comit\u00e9 Editorial<\/h3>\n<p style=\"text-align: center;\"><img loading=\"lazy\" decoding=\"async\" class=\"aligncenter size-full wp-image-1124\" src=\"https:\/\/transportevertical.org\/sitio\/wp-content\/uploads\/2022\/07\/jorgemms.png\" alt=\"\" width=\"260\" height=\"300\" \/><\/p>\n<p style=\"text-align: center;\"><strong>Jorge Mu\u00f1oz Sandoval<br \/>\n<\/strong>(Santiago, Chile)<u><\/u><\/p>\n<p style=\"text-align: center;\">Jorge Riquelme Infante\u00a0 (Santiago, Chile)<u><\/u><\/p>\n<p style=\"text-align: center;\">Juan Manuel Le\u00f3n Mart\u00ednez (Lima, PER\u00da).<\/p>\n","protected":false},"excerpt":{"rendered":"<p>Miguel Covarrubias S. Director Comit\u00e9 Editorial Jorge Mu\u00f1oz Sandoval (Santiago, Chile) Jorge Riquelme Infante\u00a0 (Santiago, Chile) Juan Manuel Le\u00f3n Mart\u00ednez (Lima, PER\u00da).<\/p>\n","protected":false},"author":1,"featured_media":0,"parent":0,"menu_order":0,"comment_status":"closed","ping_status":"closed","template":"","meta":{"footnotes":""},"class_list":["post-76","page","type-page","status-publish",""],"_links":{"self":[{"href":"http:\/\/transportevertical.org\/sitio\/wp-json\/wp\/v2\/pages\/76","targetHints":{"allow":["GET"]}}],"collection":[{"href":"http:\/\/transportevertical.org\/sitio\/wp-json\/wp\/v2\/pages"}],"about":[{"href":"http:\/\/transportevertical.org\/sitio\/wp-json\/wp\/v2\/types\/page"}],"author":[{"embeddable":true,"href":"http:\/\/transportevertical.org\/sitio\/wp-json\/wp\/v2\/users\/1"}],"replies":[{"embeddable":true,"href":"http:\/\/transportevertical.org\/sitio\/wp-json\/wp\/v2\/comments?post=76"}],"version-history":[{"count":4,"href":"http:\/\/transportevertical.org\/sitio\/wp-json\/wp\/v2\/pages\/76\/revisions"}],"predecessor-version":[{"id":1125,"href":"http:\/\/transportevertical.org\/sitio\/wp-json\/wp\/v2\/pages\/76\/revisions\/1125"}],"wp:attachment":[{"href":"http:\/\/transportevertical.org\/sitio\/wp-json\/wp\/v2\/media?parent=76"}],"curies":[{"name":"wp","href":"https:\/\/api.w.org\/{rel}","templated":true}]}}