{"id":2158,"date":"2026-01-21T13:03:34","date_gmt":"2026-01-21T16:03:34","guid":{"rendered":"https:\/\/transportevertical.org\/sitio\/?page_id=2158"},"modified":"2026-01-21T13:03:34","modified_gmt":"2026-01-21T16:03:34","slug":"comite-editorial-2026","status":"publish","type":"page","link":"https:\/\/transportevertical.org\/sitio\/comite-editorial-2026\/","title":{"rendered":"Comit\u00e9 Editorial"},"content":{"rendered":"<h3 style=\"text-align: center;\">Comit\u00e9 Editorial<\/h3>\n<p><img loading=\"lazy\" decoding=\"async\" class=\"aligncenter size-medium wp-image-74\" src=\"http:\/\/transportevertical.org\/sitio\/wp-content\/uploads\/2019\/10\/DonMiguel-001v21-260x300.png\" alt=\"\" width=\"260\" height=\"300\" srcset=\"https:\/\/transportevertical.org\/sitio\/wp-content\/uploads\/2019\/10\/DonMiguel-001v21-260x300.png 260w, https:\/\/transportevertical.org\/sitio\/wp-content\/uploads\/2019\/10\/DonMiguel-001v21.png 500w\" sizes=\"auto, (max-width: 260px) 100vw, 260px\" \/><\/p>\n<p style=\"text-align: center;\"><strong>Miguel Covarrubias S.<\/strong><br \/>\nDirector<\/p>\n<p style=\"text-align: center;\"><img loading=\"lazy\" decoding=\"async\" class=\"aligncenter size-full wp-image-2159\" src=\"http:\/\/transportevertical.org\/sitio\/wp-content\/uploads\/2026\/01\/jose-luis.jpg\" alt=\"\" width=\"260\" height=\"300\" \/><\/p>\n<p style=\"text-align: center;\"><strong>Jos\u00e9 Luis Guti\u00e9rrez Galarce<br \/>\n<\/strong>Contenidos y Dise\u00f1o Gr\u00e1fico<u><\/u><\/p>\n<p style=\"text-align: center;\">\n","protected":false},"excerpt":{"rendered":"<p>Comit\u00e9 Editorial Miguel Covarrubias S. Director Jos\u00e9 Luis Guti\u00e9rrez Galarce Contenidos y Dise\u00f1o Gr\u00e1fico<\/p>\n","protected":false},"author":1,"featured_media":0,"parent":0,"menu_order":0,"comment_status":"closed","ping_status":"closed","template":"","meta":{"footnotes":""},"class_list":["post-2158","page","type-page","status-publish",""],"_links":{"self":[{"href":"https:\/\/transportevertical.org\/sitio\/wp-json\/wp\/v2\/pages\/2158","targetHints":{"allow":["GET"]}}],"collection":[{"href":"https:\/\/transportevertical.org\/sitio\/wp-json\/wp\/v2\/pages"}],"about":[{"href":"https:\/\/transportevertical.org\/sitio\/wp-json\/wp\/v2\/types\/page"}],"author":[{"embeddable":true,"href":"https:\/\/transportevertical.org\/sitio\/wp-json\/wp\/v2\/users\/1"}],"replies":[{"embeddable":true,"href":"https:\/\/transportevertical.org\/sitio\/wp-json\/wp\/v2\/comments?post=2158"}],"version-history":[{"count":1,"href":"https:\/\/transportevertical.org\/sitio\/wp-json\/wp\/v2\/pages\/2158\/revisions"}],"predecessor-version":[{"id":2160,"href":"https:\/\/transportevertical.org\/sitio\/wp-json\/wp\/v2\/pages\/2158\/revisions\/2160"}],"wp:attachment":[{"href":"https:\/\/transportevertical.org\/sitio\/wp-json\/wp\/v2\/media?parent=2158"}],"curies":[{"name":"wp","href":"https:\/\/api.w.org\/{rel}","templated":true}]}}